{"id":308,"date":"2021-05-21T12:14:22","date_gmt":"2021-05-21T09:14:22","guid":{"rendered":"https:\/\/wavedivision.ro\/brandambassadors\/?page_id=308"},"modified":"2022-06-14T13:47:07","modified_gmt":"2022-06-14T10:47:07","slug":"job-urile-noastre","status":"publish","type":"page","link":"https:\/\/wavedivision.ro\/brandambassadors\/job-urile-noastre\/","title":{"rendered":"Job-urile noastre"},"content":{"rendered":"\t\t<div data-elementor-type=\"wp-page\" data-elementor-id=\"308\" class=\"elementor elementor-308\" data-elementor-settings=\"[]\">\n\t\t\t\t\t\t\t<div class=\"elementor-section-wrap\">\n\t\t\t\t\t\t\t<section class=\"elementor-section elementor-top-section elementor-element elementor-element-608886ec elementor-section-full_width jobs-hero-slider elementor-section-height-default elementor-section-height-default\" data-id=\"608886ec\" data-element_type=\"section\">\n\t\t\t\t\t\t<div class=\"elementor-container elementor-column-gap-no\">\n\t\t\t\t\t<div class=\"elementor-column elementor-col-100 elementor-top-column elementor-element elementor-element-312b1a2a\" data-id=\"312b1a2a\" data-element_type=\"column\">\n\t\t\t<div class=\"elementor-widget-wrap\">\n\t\t\t\t\t\t\t\t\t<\/div>\n\t\t<\/div>\n\t\t\t\t\t\t\t<\/div>\n\t\t<\/section>\n\t\t\t\t<section class=\"elementor-section elementor-top-section elementor-element elementor-element-fd1ca42 elementor-hidden-desktop elementor-hidden-tablet elementor-section-boxed elementor-section-height-default elementor-section-height-default\" data-id=\"fd1ca42\" data-element_type=\"section\">\n\t\t\t\t\t\t<div class=\"elementor-container elementor-column-gap-default\">\n\t\t\t\t\t<div class=\"elementor-column elementor-col-100 elementor-top-column elementor-element elementor-element-461600a\" data-id=\"461600a\" data-element_type=\"column\">\n\t\t\t<div class=\"elementor-widget-wrap elementor-element-populated\">\n\t\t\t\t\t\t\t\t<div class=\"elementor-element elementor-element-df881ac elementor-widget elementor-widget-heading\" data-id=\"df881ac\" data-element_type=\"widget\" data-widget_type=\"heading.default\">\n\t\t\t\t<div class=\"elementor-widget-container\">\n\t\t\t<h1 class=\"elementor-heading-title elementor-size-default\">Hai \u00een echip\u0103 \u015fi po\u0163i lucra \u015fi tu pentru branduri de top!<\/h1>\t\t<\/div>\n\t\t\t\t<\/div>\n\t\t\t\t<div class=\"elementor-element elementor-element-697559e elementor-widget elementor-widget-text-editor\" data-id=\"697559e\" data-element_type=\"widget\" data-widget_type=\"text-editor.default\">\n\t\t\t\t<div class=\"elementor-widget-container\">\n\t\t\t\t\t\t\t\t<p>Interac\u0163ionezi cu multe categori de consumatori, participi la evenimente, \u00eenve\u0163i \u015fi experimentezi.<\/p>\t\t\t\t\t\t<\/div>\n\t\t\t\t<\/div>\n\t\t\t\t\t<\/div>\n\t\t<\/div>\n\t\t\t\t\t\t\t<\/div>\n\t\t<\/section>\n\t\t\t\t<section class=\"elementor-section elementor-top-section elementor-element elementor-element-71c19ec elementor-section-boxed elementor-section-height-default elementor-section-height-default\" data-id=\"71c19ec\" data-element_type=\"section\">\n\t\t\t\t\t\t<div class=\"elementor-container elementor-column-gap-default\">\n\t\t\t\t\t<div class=\"elementor-column elementor-col-100 elementor-top-column elementor-element elementor-element-ff80e45\" data-id=\"ff80e45\" data-element_type=\"column\">\n\t\t\t<div class=\"elementor-widget-wrap elementor-element-populated\">\n\t\t\t\t\t\t\t\t<div class=\"elementor-element elementor-element-167d331f elementor--h-position-left elementor--v-position-middle elementor-pagination-position-inside elementor-widget elementor-widget-slides\" data-id=\"167d331f\" data-element_type=\"widget\" data-settings=\"{&quot;navigation&quot;:&quot;dots&quot;,&quot;autoplay&quot;:&quot;yes&quot;,&quot;pause_on_hover&quot;:&quot;yes&quot;,&quot;pause_on_interaction&quot;:&quot;yes&quot;,&quot;autoplay_speed&quot;:5000,&quot;infinite&quot;:&quot;yes&quot;,&quot;transition&quot;:&quot;slide&quot;,&quot;transition_speed&quot;:500}\" data-widget_type=\"slides.default\">\n\t\t\t\t<div class=\"elementor-widget-container\">\n\t\t\t\t\t<div class=\"elementor-swiper\">\n\t\t\t<div class=\"elementor-slides-wrapper elementor-main-swiper swiper-container\" dir=\"ltr\" data-animation=\"fadeInUp\">\n\t\t\t\t<div class=\"swiper-wrapper elementor-slides\">\n\t\t\t\t\t<div class=\"elementor-repeater-item-4c1c9e5 swiper-slide\"><div class=\"swiper-slide-bg\"><\/div><div class=\"swiper-slide-inner\" ><div class=\"swiper-slide-contents\"><div class=\"elementor-slide-heading\">Hai \u00een echip\u0103 \u015fi po\u0163i lucra \u015fi tu pentru branduri de top!<\/div><div class=\"elementor-slide-description\">#multa INTERAC\u021aIUNE\n#salariu atractiv \u0219i bonusuri  \u00een func\u021bie de PERFORMAN\u021a\u0102\n#acces la cele mai COOL EVENIMENTE\n#programe de DEZVOLTARE\n#promovare \u00een func\u021bie de REZULTATE\n#outfit de activare<\/div><\/div><\/div><\/div>\t\t\t\t<\/div>\n\t\t\t\t\t\t\t<\/div>\n\t\t<\/div>\n\t\t\t\t<\/div>\n\t\t\t\t<\/div>\n\t\t\t\t<div class=\"elementor-element elementor-element-6c2da5d elementor-widget elementor-widget-shortcode\" data-id=\"6c2da5d\" data-element_type=\"widget\" data-widget_type=\"shortcode.default\">\n\t\t\t\t<div class=\"elementor-widget-container\">\n\t\t\t\t\t<div class=\"elementor-shortcode\">\t<div class=\"awsm-job-wrap\">\n\n\t\t<div class=\"awsm-filter-wrap\"><form action=\"https:\/\/wavedivision.ro\/brandambassadors\/wp-admin\/admin-ajax.php\" method=\"POST\"><div class=\"awsm-filter-item\" data-filter=\"job__category_spec\"><select name=\"awsm_job_spec[job-category]\" class=\"awsm-filter-option\" id=\"awsm-job-category-filter-option\"><option value=\"\">  Categorie job<\/option><option value=\"21\" data-slug=\"hostess-eveniment\">Hostess Eveniment<\/option><option value=\"23\" data-slug=\"personal-logistica\">Personal Logistica<\/option><option value=\"22\" data-slug=\"promoter\">Promoter<\/option><option value=\"47\" data-slug=\"team-leader\">Team Leader<\/option><\/select><\/div><div class=\"awsm-filter-item\" data-filter=\"job__location_spec\"><select name=\"awsm_job_spec[job-location]\" class=\"awsm-filter-option\" id=\"awsm-job-location-filter-option\"><option value=\"\">  Ora\u015f<\/option><option value=\"8\" data-slug=\"bucuresti\">Bucuresti<\/option><option value=\"62\" data-slug=\"targu-jiu\">Targu Jiu<\/option><option value=\"9\" data-slug=\"timisoara\">Timisoara<\/option><\/select><\/div><input type=\"hidden\" name=\"action\" value=\"jobfilter\"><\/form><\/div>\n\t\t<div class=\"awsm-job-listings awsm-row awsm-grid-col-3\" data-listings=\"9\">\n\t\t\t<a href=\"https:\/\/wavedivision.ro\/brandambassadors\/jobs\/info-desk-assistant\/\" class=\"awsm-job-listing-item awsm-grid-item\" id=\"awsm-grid-item-816\">\t\t<div class=\"awsm-job-item\">\n\t\t\t<div class=\"awsm-grid-left-col\">\n\t\t\t\t\n\t\t\t\t\n\t\t\t\t<h2 class=\"awsm-job-post-title\">\n\t\t\t\t\tInfo Desk Assistant\t\t\t\t<\/h2>\n\n\t\t\t\t\t\t\t<\/div>\n\n\t\t\t<div class=\"awsm-grid-right-col\">\n\t\t\t\t<div class=\"awsm-job-specification-wrapper\"><div class=\"awsm-job-specification-item awsm-job-specification-job-location\"><span class=\"awsm-job-specification-term\">Bucuresti<\/span> <\/div><\/div><div class=\"awsm-job-more-container\"><span class=\"awsm-job-more\">Mai multe detalii <span><\/span><\/span><\/div>\t\t\t<\/div>\n\t\t<\/div>\n\t<\/a><a href=\"https:\/\/wavedivision.ro\/brandambassadors\/jobs\/promoter\/\" class=\"awsm-job-listing-item awsm-grid-item\" id=\"awsm-grid-item-427\">\t\t<div class=\"awsm-job-item\">\n\t\t\t<div class=\"awsm-grid-left-col\">\n\t\t\t\t\n\t\t\t\t\n\t\t\t\t<h2 class=\"awsm-job-post-title\">\n\t\t\t\t\tPromoter\t\t\t\t<\/h2>\n\n\t\t\t\t\t\t\t<\/div>\n\n\t\t\t<div class=\"awsm-grid-right-col\">\n\t\t\t\t<div class=\"awsm-job-specification-wrapper\"><div class=\"awsm-job-specification-item awsm-job-specification-job-category\"><span class=\"awsm-job-specification-term\">Promoter<\/span> <\/div><\/div><div class=\"awsm-job-more-container\"><span class=\"awsm-job-more\">Mai multe detalii <span><\/span><\/span><\/div>\t\t\t<\/div>\n\t\t<\/div>\n\t<\/a><a href=\"https:\/\/wavedivision.ro\/brandambassadors\/jobs\/hostess-eveniment\/\" class=\"awsm-job-listing-item awsm-grid-item\" id=\"awsm-grid-item-426\">\t\t<div class=\"awsm-job-item\">\n\t\t\t<div class=\"awsm-grid-left-col\">\n\t\t\t\t\n\t\t\t\t\n\t\t\t\t<h2 class=\"awsm-job-post-title\">\n\t\t\t\t\tHostess Eveniment\t\t\t\t<\/h2>\n\n\t\t\t\t\t\t\t<\/div>\n\n\t\t\t<div class=\"awsm-grid-right-col\">\n\t\t\t\t<div class=\"awsm-job-specification-wrapper\"><div class=\"awsm-job-specification-item awsm-job-specification-job-category\"><span class=\"awsm-job-specification-term\">Hostess Eveniment<\/span> <\/div><\/div><div class=\"awsm-job-more-container\"><span class=\"awsm-job-more\">Mai multe detalii <span><\/span><\/span><\/div>\t\t\t<\/div>\n\t\t<\/div>\n\t<\/a>\t\t<\/div>\n\n\t<\/div>\n\t<\/div>\n\t\t\t\t<\/div>\n\t\t\t\t<\/div>\n\t\t\t\t\t<\/div>\n\t\t<\/div>\n\t\t\t\t\t\t\t<\/div>\n\t\t<\/section>\n\t\t\t\t<section class=\"elementor-section elementor-top-section elementor-element elementor-element-db887c0 elementor-section-full_width elementor-section-height-default elementor-section-height-default\" data-id=\"db887c0\" data-element_type=\"section\">\n\t\t\t\t\t\t<div class=\"elementor-container elementor-column-gap-no\">\n\t\t\t\t\t<div class=\"elementor-column elementor-col-100 elementor-top-column elementor-element elementor-element-71fadf6\" data-id=\"71fadf6\" data-element_type=\"column\">\n\t\t\t<div class=\"elementor-widget-wrap elementor-element-populated\">\n\t\t\t\t\t\t\t\t<div class=\"elementor-element elementor-element-ae62780 elementor-aspect-ratio-169 elementor-widget elementor-widget-video\" data-id=\"ae62780\" data-element_type=\"widget\" data-settings=\"{&quot;video_type&quot;:&quot;hosted&quot;,&quot;show_image_overlay&quot;:&quot;yes&quot;,&quot;image_overlay&quot;:{&quot;url&quot;:&quot;https:\\\/\\\/wavedivision.ro\\\/brandambassadors\\\/wp-content\\\/uploads\\\/2021\\\/08\\\/video-bg.jpg&quot;,&quot;id&quot;:598,&quot;alt&quot;:&quot;&quot;,&quot;source&quot;:&quot;library&quot;},&quot;lightbox&quot;:&quot;yes&quot;,&quot;controls&quot;:&quot;yes&quot;,&quot;aspect_ratio&quot;:&quot;169&quot;}\" data-widget_type=\"video.default\">\n\t\t\t\t<div class=\"elementor-widget-container\">\n\t\t\t\t\t<div class=\"e-hosted-video elementor-wrapper elementor-open-lightbox\">\n\t\t\t\t\t\t\t<div class=\"elementor-custom-embed-image-overlay\" data-elementor-open-lightbox=\"yes\" data-elementor-lightbox=\"{&quot;type&quot;:&quot;video&quot;,&quot;videoType&quot;:&quot;hosted&quot;,&quot;url&quot;:&quot;https:\\\/\\\/wavedivision.ro\\\/brandambassadors\\\/wp-content\\\/uploads\\\/2021\\\/10\\\/movie.mp4&quot;,&quot;modalOptions&quot;:{&quot;id&quot;:&quot;elementor-lightbox-ae62780&quot;,&quot;entranceAnimation&quot;:&quot;&quot;,&quot;entranceAnimation_tablet&quot;:&quot;&quot;,&quot;entranceAnimation_mobile&quot;:&quot;&quot;,&quot;videoAspectRatio&quot;:&quot;169&quot;},&quot;videoParams&quot;:{&quot;controls&quot;:&quot;&quot;,&quot;controlsList&quot;:&quot;nodownload&quot;}}\">\n\t\t\t\t\t\t\t\t\t\t\t<img loading=\"lazy\" decoding=\"async\" width=\"1920\" height=\"720\" src=\"https:\/\/wavedivision.ro\/brandambassadors\/wp-content\/uploads\/2021\/08\/video-bg.jpg\" class=\"attachment-full size-full\" alt=\"\" srcset=\"https:\/\/wavedivision.ro\/brandambassadors\/wp-content\/uploads\/2021\/08\/video-bg.jpg 1920w, https:\/\/wavedivision.ro\/brandambassadors\/wp-content\/uploads\/2021\/08\/video-bg-300x113.jpg 300w, https:\/\/wavedivision.ro\/brandambassadors\/wp-content\/uploads\/2021\/08\/video-bg-1024x384.jpg 1024w, https:\/\/wavedivision.ro\/brandambassadors\/wp-content\/uploads\/2021\/08\/video-bg-768x288.jpg 768w, https:\/\/wavedivision.ro\/brandambassadors\/wp-content\/uploads\/2021\/08\/video-bg-1536x576.jpg 1536w\" sizes=\"auto, (max-width: 1920px) 100vw, 1920px\" \/>\t\t\t\t\t\t\t\t\t\t\t\t\t\t\t\t<div class=\"elementor-custom-embed-play\" role=\"button\">\n\t\t\t\t\t\t\t<i class=\"eicon-play\" aria-hidden=\"true\"><\/i>\n\t\t\t\t\t\t\t<span class=\"elementor-screen-only\">Ruleaz\u0103 videoul<\/span>\n\t\t\t\t\t\t<\/div>\n\t\t\t\t\t\t\t\t\t<\/div>\n\t\t\t\t\t<\/div>\n\t\t\t\t<\/div>\n\t\t\t\t<\/div>\n\t\t\t\t\t<\/div>\n\t\t<\/div>\n\t\t\t\t\t\t\t<\/div>\n\t\t<\/section>\n\t\t\t\t\t\t<\/div>\n\t\t\t\t\t<\/div>\n\t\t","protected":false},"excerpt":{"rendered":"<p>Meet the team who make us today! Cursus amet, mattis placerat convallis libero faucibus quis est porta vivamus erat tristique sed. Meet Us Our Vision Fitness tracking platform for everyone. Diam vestibulum tristique non purus velit dictum vel aliquam id egestas odio tortor volutpat nulla varius aliquam vulputate commodo mus volutpat pretium, quam hendrerit enim &hellip;<\/p>\n<p class=\"read-more\"> <a class=\"\" href=\"https:\/\/websitedemos.net\/tech-startup-02\/about-us\/\"> <span class=\"screen-reader-text\">About Us<\/span> Read More &raquo;<\/a><\/p>\n","protected":false},"author":1,"featured_media":0,"parent":0,"menu_order":0,"comment_status":"closed","ping_status":"closed","template":"elementor_header_footer","meta":{"footnotes":""},"class_list":["post-308","page","type-page","status-publish","hentry"],"_links":{"self":[{"href":"https:\/\/wavedivision.ro\/brandambassadors\/wp-json\/wp\/v2\/pages\/308","targetHints":{"allow":["GET"]}}],"collection":[{"href":"https:\/\/wavedivision.ro\/brandambassadors\/wp-json\/wp\/v2\/pages"}],"about":[{"href":"https:\/\/wavedivision.ro\/brandambassadors\/wp-json\/wp\/v2\/types\/page"}],"author":[{"embeddable":true,"href":"https:\/\/wavedivision.ro\/brandambassadors\/wp-json\/wp\/v2\/users\/1"}],"replies":[{"embeddable":true,"href":"https:\/\/wavedivision.ro\/brandambassadors\/wp-json\/wp\/v2\/comments?post=308"}],"version-history":[{"count":74,"href":"https:\/\/wavedivision.ro\/brandambassadors\/wp-json\/wp\/v2\/pages\/308\/revisions"}],"predecessor-version":[{"id":2017,"href":"https:\/\/wavedivision.ro\/brandambassadors\/wp-json\/wp\/v2\/pages\/308\/revisions\/2017"}],"wp:attachment":[{"href":"https:\/\/wavedivision.ro\/brandambassadors\/wp-json\/wp\/v2\/media?parent=308"}],"curies":[{"name":"wp","href":"https:\/\/api.w.org\/{rel}","templated":true}]}}